



{"id":348,"date":"2011-04-03T12:45:25","date_gmt":"2011-04-03T11:45:25","guid":{"rendered":"https:\/\/www.fredrikebannink.com\/wordpress\/?page_id=348"},"modified":"2020-06-22T16:45:39","modified_gmt":"2020-06-22T14:45:39","slug":"willkommen-auf-der-website-von-fredrike-bannink","status":"publish","type":"page","link":"https:\/\/fredrikebannink.com\/bannink\/lang\/nl\/willkommen-auf-der-website-von-fredrike-bannink","title":{"rendered":"Willkommen auf der Website von Fredrike Bannink"},"content":{"rendered":"<p><strong>Dr. F.P. Bannink MDR<\/strong><br \/>\nPraxis f\u00fcr Therapie, Training, Coaching und Mediation<br \/>\nAmsterdam, Niederlande<\/p>\n<blockquote>\n<ul>\n<li><strong>Klinische Psychologin<\/strong> und Expertin f\u00fcr Kinder- und Jugendpsychologie<\/li>\n<\/ul>\n<\/blockquote>\n<ul>\n<li>Dozentin und Trainerin in Unternehmen f\u00fcr L\u00f6sungs-fokussierte Gespr\u00e4chsf\u00fchrung und Positive Psychologie<\/li>\n<li>Mitbegr\u00fcnderin und Pr\u00e4sidentin der Abteilung f\u00fcr L\u00f6sungs-fokussierte Kognitive Verhaltenstherapie der Niederl\u00e4ndischen Gesellschaft f\u00fcr Verhaltens- und Kognitive Therapie (VGCt)<\/li>\n<li>Mental Health Trainerin f\u00fcr \u00c4rzte ohne Grenzen (Doctors without Borders)<\/li>\n<\/ul>\n<blockquote>\n<ul>\n<li><strong>Masterabschluss in Konfliktl\u00f6sung<\/strong> (Master of Dispute Resolution, Universit\u00e4t von Amsterdam)<\/li>\n<\/ul>\n<\/blockquote>\n<ul>\n<li>Bis 2014 Mediatorin f\u00fcr das Amtsgericht von Amsterdam<\/li>\n<li>Trainerin f\u00fcr L\u00f6sungsfokussiertes\u00a0Coaching und Mediation<\/li>\n<li>Gr\u00fcndungsmitglied von Mediatoren ohne Grenzen (Mediators beyond Borders)<\/li>\n<\/ul>\n<blockquote><p>Fredrike Bannink ist die Autorin von:<br \/>\n<strong>Praxis der L\u00f6sungs-fokussierten Mediation<\/strong> (2009, Stuttgart: Concadora Verlag).<br \/>\n<strong>Praxis der Positiven Psychologie<\/strong> (2012, G\u00f6ttingen: Hogrefe Verlag).<br \/>\n<strong>Praxisbuch Positive KVT<\/strong> (2014, Weinheim: Belz).<br \/>\n<strong>L\u00f6sungsfokussierte Fragen. Handbuch f\u00fcr L\u00f6sungsfokussierte Gespr\u00e4chsf\u00fchrung<\/strong> (2015, G\u00f6ttingen: Hogrefe Verlag).<\/p><\/blockquote>\n<p>Wenn Sie weitere Information w\u00fcnschen oder Fredrike Bannink kontaktieren m\u00f6chten, besuchen Sie bitte die\u00a0<a href=\"https:\/\/fredrikebannink.com\/bannink\/?lang=en-en\">englische Version <\/a>dieser Website<\/p>\n<p><iframe loading=\"lazy\" src=\"https:\/\/www.youtube.com\/embed\/WO6lZ5EP3F0\" width=\"360\" height=\"250\" frameborder=\"0\" allowfullscreen=\"allowfullscreen\"><\/iframe><\/p>\n<p><strong>What is Solution-Focused Leadership?<\/strong><br \/>\n<iframe loading=\"lazy\" src=\"https:\/\/www.youtube.com\/embed\/prKc8W2F36g\" width=\"360\" height=\"200\" frameborder=\"0\" allowfullscreen=\"allowfullscreen\"><\/iframe><\/p>\n<p><strong>What is the difference in Solution-Focused Leadership?<\/strong><br \/>\n<iframe loading=\"lazy\" src=\"https:\/\/www.youtube.com\/embed\/AX34kWhazlA\" width=\"360\" height=\"200\" frameborder=\"0\" allowfullscreen=\"allowfullscreen\"><\/iframe><\/p>\n<p><strong>What awaits you toward a solution-focused organization?<\/strong><br \/>\n<iframe loading=\"lazy\" src=\"https:\/\/www.youtube.com\/embed\/A_QsMp3SIZI\" width=\"360\" height=\"200\" frameborder=\"0\" allowfullscreen=\"allowfullscreen\"><\/iframe><\/p>\n<p><a class=\"twitter-follow-button\" href=\"https:\/\/twitter.com\/FredrikeBannink\" data-show-count=\"false\" data-lang=\"de\">@FredrikeBannink folgen<\/a><br \/>\n<script type=\"text\/javascript\">\/\/ <![CDATA[ !function(d,s,id){var js,fjs=d.getElementsByTagName(s)[0];if(!d.getElementById(id)){js=d.createElement(s);js.id=id;js.src=\"\/\/platform.twitter.com\/widgets.js\";fjs.parentNode.insertBefore(js,fjs);}}(document,\"script\",\"twitter-wjs\"); \/\/ ]]><\/script><\/p>\n","protected":false},"excerpt":{"rendered":"<p>Dr. F.P. Bannink MDR Praxis f\u00fcr Therapie, Training, Coaching und Mediation Amsterdam, Niederlande Klinische Psychologin und Expertin f\u00fcr Kinder- und Jugendpsychologie Dozentin und Trainerin in Unternehmen f\u00fcr L\u00f6sungs-fokussierte Gespr\u00e4chsf\u00fchrung und Positive Psychologie Mitbegr\u00fcnderin und Pr\u00e4sidentin der Abteilung f\u00fcr L\u00f6sungs-fokussierte Kognitive Verhaltenstherapie der Niederl\u00e4ndischen Gesellschaft f\u00fcr Verhaltens- und Kognitive Therapie (VGCt) Mental Health Trainerin f\u00fcr \u00c4rzte [&hellip;]<\/p>\n","protected":false},"author":1,"featured_media":0,"parent":0,"menu_order":0,"comment_status":"closed","ping_status":"closed","template":"page-langdeutsch.php","meta":{"_exactmetrics_skip_tracking":false,"_exactmetrics_sitenote_active":false,"_exactmetrics_sitenote_note":"","_exactmetrics_sitenote_category":0,"footnotes":""},"class_list":["post-348","page","type-page","status-publish","hentry"],"_links":{"self":[{"href":"https:\/\/fredrikebannink.com\/bannink\/wp-json\/wp\/v2\/pages\/348","targetHints":{"allow":["GET"]}}],"collection":[{"href":"https:\/\/fredrikebannink.com\/bannink\/wp-json\/wp\/v2\/pages"}],"about":[{"href":"https:\/\/fredrikebannink.com\/bannink\/wp-json\/wp\/v2\/types\/page"}],"author":[{"embeddable":true,"href":"https:\/\/fredrikebannink.com\/bannink\/wp-json\/wp\/v2\/users\/1"}],"replies":[{"embeddable":true,"href":"https:\/\/fredrikebannink.com\/bannink\/wp-json\/wp\/v2\/comments?post=348"}],"version-history":[{"count":0,"href":"https:\/\/fredrikebannink.com\/bannink\/wp-json\/wp\/v2\/pages\/348\/revisions"}],"wp:attachment":[{"href":"https:\/\/fredrikebannink.com\/bannink\/wp-json\/wp\/v2\/media?parent=348"}],"curies":[{"name":"wp","href":"https:\/\/api.w.org\/{rel}","templated":true}]}}